{"id":3,"date":"2019-01-09T21:48:16","date_gmt":"2019-01-09T23:48:16","guid":{"rendered":"http:\/\/brazilquality.com\/firework-2\/?page_id=3"},"modified":"2019-03-07T10:26:27","modified_gmt":"2019-03-07T13:26:27","slug":"privacy-policy","status":"publish","type":"page","link":"https:\/\/brazilquality.com\/en\/privacy-policy\/","title":{"rendered":"Privacy Policy"},"content":{"rendered":"\n<h1 class=\"wp-block-heading\">Pol\u00edtica de privacidade<\/h1>\n\n\n\n<h2 class=\"wp-block-heading\">Who we are<\/h2>\n\n\n\n<p>Our website is: <a href=\"http:\/\/bqs.srv.br\">http:\/\/bqs.srv.br<\/a>,&nbsp;and you can read more about us&nbsp;<a href=\".\/sobre\/\">here<\/a>.<\/p>\n\n\n\n<h2 class=\"wp-block-heading\">Collected data<\/h2>\n\n\n\n<h3 class=\"wp-block-heading\">Contact form<\/h3>\n\n\n\n<p>The collected data is used just to respond as messages from site visitors. In this case, when you send a message to us, we understand that you have agreed to the information that has been sent.<\/p>\n\n\n\n<p>This site does not record personal information in comments or registration.<\/p>\n\n\n\n<h3 class=\"wp-block-heading\">Cookies<\/h3>\n\n\n\n<p>Cookies are used to improve your browsing the site, and do not store personal information.<\/p>\n\n\n\n<p>When you access our site, we automatically receive your computer&#8217;s internet protocol, IP address, to obtain information that helps us learn about your browser and operating system.<\/p>\n\n\n\n<h2 class=\"wp-block-heading\">How long do we keep your data?<\/h2>\n\n\n\n<p>The collected data is stored indefinitely. Site administrators can view and edit this information.<\/p>\n\n\n\n<p>If after you provide us with your data, you change your mind, you may withdraw your consent by contacting us at <a href=\"mailto:bqs@brazilquality.com\">bqs@brazilquality.com<\/a> or sending us a mail at: BQS &#8211; Brazil Quality Services Rua Irm\u00e3 Pia, 180 &#8211; Jaguar\u00e9, S\u00e3o Paulo \/ SP &#8211; CEP 05335-050.<\/p>\n\n\n\n<h2 class=\"wp-block-heading\">Security<\/h2>\n\n\n\n<p>To protect your personal information, we take reasonable precautions and follow industry best practices to make sure they are not misappropriated, misused, accessed, disclosed, altered, or destroyed.<\/p>\n\n\n\n<h2 class=\"wp-block-heading\">Changes to this privacy policy<\/h2>\n\n\n\n<p>We reserve the right to modify this privacy policy at any time, so please review it frequently. Changes and clarifications will take effect immediately after their publication on the website. If we make material changes to this policy, we will notify you here that they have been updated so that you are aware of what information we collect, how we use it, and under what circumstances, if any, we use and \/ or disclose it.<\/p>\n\n\n\n<p>If our company is acquired or merged with another company, your information may be transferred to the new owners so that we can continue to contact you.<\/p>\n","protected":false},"excerpt":{"rendered":"<p>Pol\u00edtica de privacidade Who we are Our website is: http:\/\/bqs.srv.br,&nbsp;and you can read more about us&nbsp;here. Collected data Contact form The collected [&hellip;]<\/p>\n","protected":false},"author":1,"featured_media":0,"parent":0,"menu_order":0,"comment_status":"closed","ping_status":"open","template":"elementor_header_footer","meta":{"footnotes":""},"yoast_head":"<!-- This site is optimized with the Yoast SEO plugin v15.6.2 - https:\/\/yoast.com\/wordpress\/plugins\/seo\/ -->\n<title>Privacy Policy | BQS - Brazil Quality Services<\/title>\n<meta name=\"robots\" content=\"index, follow, max-snippet:-1, max-image-preview:large, max-video-preview:-1\" \/>\n<link rel=\"canonical\" href=\"https:\/\/brazilquality.com\/en\/privacy-policy\/\" \/>\n<meta property=\"og:locale\" content=\"en_US\" \/>\n<meta property=\"og:type\" content=\"article\" \/>\n<meta property=\"og:title\" content=\"Privacy Policy | BQS - Brazil Quality Services\" \/>\n<meta property=\"og:description\" content=\"Pol\u00edtica de privacidade Who we are Our website is: http:\/\/bqs.srv.br,&nbsp;and you can read more about us&nbsp;here. Collected data Contact form The collected [&hellip;]\" \/>\n<meta property=\"og:url\" content=\"https:\/\/brazilquality.com\/en\/privacy-policy\/\" \/>\n<meta property=\"og:site_name\" content=\"BQS - Brazil Quality Services - English\" \/>\n<meta property=\"article:modified_time\" content=\"2019-03-07T13:26:27+00:00\" \/>\n<meta name=\"twitter:card\" content=\"summary_large_image\" \/>\n<meta name=\"twitter:label1\" content=\"Est. reading time\">\n\t<meta name=\"twitter:data1\" content=\"2 minutes\">\n<script type=\"application\/ld+json\" class=\"yoast-schema-graph\">{\"@context\":\"https:\/\/schema.org\",\"@graph\":[{\"@type\":\"WebSite\",\"@id\":\"https:\/\/brazilquality.com\/en\/#website\",\"url\":\"https:\/\/brazilquality.com\/en\/\",\"name\":\"BQS - Brazil Quality Services - English\",\"description\":\"Solu\\u00e7\\u00f5es t\\u00e9cnicas de alta qualidade, com agilidade e pre\\u00e7os competitivos para o setor de energia\",\"potentialAction\":[{\"@type\":\"SearchAction\",\"target\":\"https:\/\/brazilquality.com\/en\/?s={search_term_string}\",\"query-input\":\"required name=search_term_string\"}],\"inLanguage\":\"en-US\"},{\"@type\":\"WebPage\",\"@id\":\"https:\/\/brazilquality.com\/en\/privacy-policy\/#webpage\",\"url\":\"https:\/\/brazilquality.com\/en\/privacy-policy\/\",\"name\":\"Privacy Policy | BQS - Brazil Quality Services\",\"isPartOf\":{\"@id\":\"https:\/\/brazilquality.com\/en\/#website\"},\"datePublished\":\"2019-01-09T23:48:16+00:00\",\"dateModified\":\"2019-03-07T13:26:27+00:00\",\"inLanguage\":\"en-US\",\"potentialAction\":[{\"@type\":\"ReadAction\",\"target\":[\"https:\/\/brazilquality.com\/en\/privacy-policy\/\"]}]}]}<\/script>\n<!-- \/ Yoast SEO plugin. -->","_links":{"self":[{"href":"https:\/\/brazilquality.com\/en\/wp-json\/wp\/v2\/pages\/3"}],"collection":[{"href":"https:\/\/brazilquality.com\/en\/wp-json\/wp\/v2\/pages"}],"about":[{"href":"https:\/\/brazilquality.com\/en\/wp-json\/wp\/v2\/types\/page"}],"author":[{"embeddable":true,"href":"https:\/\/brazilquality.com\/en\/wp-json\/wp\/v2\/users\/1"}],"replies":[{"embeddable":true,"href":"https:\/\/brazilquality.com\/en\/wp-json\/wp\/v2\/comments?post=3"}],"version-history":[{"count":6,"href":"https:\/\/brazilquality.com\/en\/wp-json\/wp\/v2\/pages\/3\/revisions"}],"predecessor-version":[{"id":367,"href":"https:\/\/brazilquality.com\/en\/wp-json\/wp\/v2\/pages\/3\/revisions\/367"}],"wp:attachment":[{"href":"https:\/\/brazilquality.com\/en\/wp-json\/wp\/v2\/media?parent=3"}],"curies":[{"name":"wp","href":"https:\/\/api.w.org\/{rel}","templated":true}]}}